{"id":1986,"date":"2022-11-08T19:57:41","date_gmt":"2022-11-08T18:57:41","guid":{"rendered":"http:\/\/test.ayurvedasrilankaparadisevilla.de\/?page_id=1986"},"modified":"2022-11-09T00:29:13","modified_gmt":"2022-11-08T23:29:13","slug":"zimmer-preise","status":"publish","type":"page","link":"https:\/\/test.ayurvedasrilankaparadisevilla.de\/en\/zimmer-preise\/","title":{"rendered":"ZIMMER &#038; PREISE"},"content":{"rendered":"<section class=\"l-section wpb_row height_medium\"><div class=\"l-section-h i-cf\"><div class=\"g-cols vc_row via_grid cols_1 laptops-cols_inherit tablets-cols_inherit mobiles-cols_1 valign_top type_default stacking_default\" style=\"grid-gap:3px;\"><div class=\"wpb_column vc_column_container\"><div class=\"vc_column-inner\"><div class=\"wpb_text_column us_custom_432d3f53\"><div class=\"wpb_wrapper\"><p>Paradise Villa verf\u00fcgt \u00fcber drei Doppelzimmer mit anschlie\u00dfendem Bad.\u00a0Die beiden R\u00e4ume im Obergeschoss haben einen begehbaren Kleiderschrank, sowie ein solar-beheiztes Warmwasser-Duschbad mit Granit-Waschtisch. Ein gro\u00dfer Ventilator \u00fcber dem 2\u00d72 m Bett mit Betthimmel, sowie die landestypischen, geschnitzten und offenen Fenster sorgen f\u00fcr eine gute Klimatisierung der R\u00e4ume.\u00a0Alle Zimmer\u00a0sind mit\u00a0einen Schreibtisch und einem gro\u00dfen St\u00e4nder f\u00fcr feuchte Kleidung oder Handt\u00fccher ausgestattet.<\/p>\n<p>Die Mahlzeiten werden im Aufenthaltsraum\u00a0oder im schattigen Garten eingenommen.<\/p>\n<\/div><\/div><div class=\"w-separator size_medium\"><\/div><div class=\"wpb_text_column us_custom_432d3f53\"><div class=\"wpb_wrapper\"><h4>Saisonunabh\u00e4ngig beinhalten die unten genannten Preise:<\/h4>\n<ul>\n<li>\u00dcbernachtung mit ayurvedischer Vollpension<\/li>\n<li>Arztkonsultationen<\/li>\n<li>alle vom Arzt verschriebenen Medikamente<\/li>\n<li>5 ayurvedische Anwendungen pro Tag, an 7 Tagen\/Woche, weitere Anwendungen gegen Bezahlung<\/li>\n<li>die vom Arzt verschriebene Di\u00e4t<\/li>\n<li>ayurvedische Getr\u00e4nke<\/li>\n<li>Wasser (hei\u00df und kalt)<\/li>\n<li>Hatha-Yoga 5 mal in der Woche<\/li>\n<li>ayurvedischer Kochkurs<\/li>\n<li>kostenloser Internetzugang<\/li>\n<\/ul>\n<\/div><\/div><div class=\"w-separator size_medium\"><\/div><h4 class=\"w-text\"><span class=\"w-text-h\"><span class=\"w-text-value\">Preisliste vom 01.05.2022 \u2013 30.09.2022*<\/span><\/span><\/h4><div class=\"wpb_text_column\"><div class=\"wpb_wrapper\"><table>\n<tbody>\n<tr>\n<td>Intensiv-Ayurveda Kur \u201eall inclusive\u201c pro Tag\/Person im Doppelzimmer<\/td>\n<td>115,00 \u20ac<\/td>\n<\/tr>\n<tr>\n<td>Intensiv-Ayurveda Kur \u201eall inclusive\u201c \u00a0 pro Tag\/2 Personen im Doppelzimmer<\/td>\n<td>210,00 \u20ac<\/td>\n<\/tr>\n<tr>\n<td>Begleitperson in Doppelzimmer ohne Treatment<\/td>\n<td>75,00 \u20ac<\/td>\n<\/tr>\n<tr>\n<td>Transfer vom und zum Flughafen<\/td>\n<td>150,00 \u20ac<\/td>\n<\/tr>\n<tr>\n<td>early Check-in (vor 12 Uhr) \/ late Check-out (nach 12 Uhr) pro Person<\/td>\n<td>50,00 \u20ac<\/td>\n<\/tr>\n<\/tbody>\n<\/table>\n<\/div><\/div><div class=\"w-separator size_medium\"><\/div><h4 class=\"w-text\"><span class=\"w-text-h\"><span class=\"w-text-value\">Preisliste vom 01.10.2022- 30.04.2023*<\/span><\/span><\/h4><div class=\"wpb_text_column\"><div class=\"wpb_wrapper\"><table>\n<tbody>\n<tr>\n<td>Intensiv-Ayurveda Kur \u201eall inclusive\u201c pro Tag\/Person im Doppelzimmer<\/td>\n<td>150,00 \u20ac<\/td>\n<\/tr>\n<tr>\n<td>Intensiv-Ayurveda Kur \u201eall inclusive\u201c \u00a0 pro Tag\/2 Personen im Doppelzimmer<\/td>\n<td>275,00 \u20ac<\/td>\n<\/tr>\n<tr>\n<td>Begleitperson in Doppelzimmer ohne Treatment<\/td>\n<td>75,00 \u20ac<\/td>\n<\/tr>\n<tr>\n<td>Transfer vom und zum Flughafen<\/td>\n<td>150,00 \u20ac<\/td>\n<\/tr>\n<tr>\n<td>early Check-in (vor 12 Uhr) \/ late Check-out (nach 12 Uhr) pro Person<\/td>\n<td>50,00 \u20ac<\/td>\n<\/tr>\n<\/tbody>\n<\/table>\n<\/div><\/div><div class=\"w-separator size_medium\"><\/div><h4 class=\"w-text\"><span class=\"w-text-h\"><span class=\"w-text-value\">R\u00fccktrittskosten<\/span><\/span><\/h4><div class=\"wpb_text_column\"><div class=\"wpb_wrapper\"><table>\n<tbody>\n<tr>\n<td>30 Tage vor Antritt der Reise:<\/td>\n<td>20 %<\/td>\n<\/tr>\n<tr>\n<td>14 Tage vor Antritt der Reise:<\/td>\n<td>50 %<\/td>\n<\/tr>\n<tr>\n<td>7 Tage vor Antritt der Reise:<\/td>\n<td>75 %<\/td>\n<\/tr>\n<tr>\n<td>weniger als 7 Tage vor Antritt der Reise:<\/td>\n<td>100 %<\/td>\n<\/tr>\n<\/tbody>\n<\/table>\n<\/div><\/div><div class=\"w-separator size_medium\"><\/div><div class=\"wpb_text_column us_custom_432d3f53\"><div class=\"wpb_wrapper\"><p>Wir empfehlen zu Ihrer eigenen Sicherheit eine Reiser\u00fccktritts-Versicherung vor der Buchung abzuschlie\u00dfen.<\/p>\n<p>&nbsp;<\/p>\n<p><strong>Zahlungsbedingungen:<\/strong><\/p>\n<p><strong>50% der Gesamtsumme f\u00e4llig bei Buchung, Restzahlung sp\u00e4testens 14 Tage vor Ankunft<\/strong><\/p>\n<p>* Wir behalten uns Preis\u00e4nderungen vor, die aufgrund \u00e4u\u00dferer, von uns nicht zu verantwortender, Umst\u00e4nde notwendig werden.<\/p>\n<p>&nbsp;<\/p>\n<p><strong>Covid 19 Update<\/strong><\/p>\n<p>Seid September ist f\u00fcr zweifach Geimpfte die Einreise nach Sri Lanka\u00a0ohne weiteren PCR-Test und Quarant\u00e4ne m\u00f6glich. Der Gast kann direkt vom Flughafen zum Hotel fahren. Ein Test wird vor Abflug von der Fluglinien gefordert, die Bedingungen \u00e4ndern sich sehr schnell und sollten beim buchen des Fluges erfragt werden.<\/p>\n<p>Wir beraten gerne bei der Visumbeantragung.<\/p>\n<\/div><\/div><\/div><\/div><\/div><\/div><\/section>\n","protected":false},"excerpt":{"rendered":"Paradise Villa verf\u00fcgt \u00fcber drei Doppelzimmer mit anschlie\u00dfendem Bad.\u00a0Die beiden R\u00e4ume im Obergeschoss haben einen begehbaren Kleiderschrank, sowie ein solar-beheiztes Warmwasser-Duschbad mit Granit-Waschtisch. Ein gro\u00dfer Ventilator \u00fcber dem 2\u00d72 m Bett mit Betthimmel, sowie die landestypischen, geschnitzten und offenen Fenster sorgen f\u00fcr eine gute Klimatisierung der R\u00e4ume.\u00a0Alle Zimmer\u00a0sind mit\u00a0einen Schreibtisch und einem gro\u00dfen St\u00e4nder f\u00fcr...","protected":false},"author":1,"featured_media":2045,"parent":0,"menu_order":3,"comment_status":"closed","ping_status":"closed","template":"","meta":{"footnotes":""},"class_list":["post-1986","page","type-page","status-publish","has-post-thumbnail","hentry"],"_links":{"self":[{"href":"https:\/\/test.ayurvedasrilankaparadisevilla.de\/en\/wp-json\/wp\/v2\/pages\/1986","targetHints":{"allow":["GET"]}}],"collection":[{"href":"https:\/\/test.ayurvedasrilankaparadisevilla.de\/en\/wp-json\/wp\/v2\/pages"}],"about":[{"href":"https:\/\/test.ayurvedasrilankaparadisevilla.de\/en\/wp-json\/wp\/v2\/types\/page"}],"author":[{"embeddable":true,"href":"https:\/\/test.ayurvedasrilankaparadisevilla.de\/en\/wp-json\/wp\/v2\/users\/1"}],"replies":[{"embeddable":true,"href":"https:\/\/test.ayurvedasrilankaparadisevilla.de\/en\/wp-json\/wp\/v2\/comments?post=1986"}],"version-history":[{"count":16,"href":"https:\/\/test.ayurvedasrilankaparadisevilla.de\/en\/wp-json\/wp\/v2\/pages\/1986\/revisions"}],"predecessor-version":[{"id":2116,"href":"https:\/\/test.ayurvedasrilankaparadisevilla.de\/en\/wp-json\/wp\/v2\/pages\/1986\/revisions\/2116"}],"wp:featuredmedia":[{"embeddable":true,"href":"https:\/\/test.ayurvedasrilankaparadisevilla.de\/en\/wp-json\/wp\/v2\/media\/2045"}],"wp:attachment":[{"href":"https:\/\/test.ayurvedasrilankaparadisevilla.de\/en\/wp-json\/wp\/v2\/media?parent=1986"}],"curies":[{"name":"wp","href":"https:\/\/api.w.org\/{rel}","templated":true}]}}