{"id":1975,"date":"2022-11-08T19:55:28","date_gmt":"2022-11-08T18:55:28","guid":{"rendered":"http:\/\/test.ayurvedasrilankaparadisevilla.de\/?page_id=1975"},"modified":"2022-11-08T23:52:10","modified_gmt":"2022-11-08T22:52:10","slug":"team","status":"publish","type":"page","link":"https:\/\/test.ayurvedasrilankaparadisevilla.de\/en\/team\/","title":{"rendered":"TEAM"},"content":{"rendered":"<section class=\"l-section wpb_row height_medium\"><div class=\"l-section-h i-cf\"><div class=\"g-cols vc_row via_grid cols_1 laptops-cols_inherit tablets-cols_inherit mobiles-cols_1 valign_top type_default stacking_default\"><div class=\"wpb_column vc_column_container\"><div class=\"vc_column-inner\"><div class=\"w-image align_center\"><div class=\"w-image-h\"><img loading=\"lazy\" decoding=\"async\" width=\"1000\" height=\"300\" src=\"https:\/\/test.ayurvedasrilankaparadisevilla.de\/wp-content\/uploads\/2022\/11\/160201-Sri-Lanka-Ayurveda-Paradise-Villa-new-team.jpg\" class=\"attachment-large size-large\" alt=\"\" srcset=\"https:\/\/test.ayurvedasrilankaparadisevilla.de\/wp-content\/uploads\/2022\/11\/160201-Sri-Lanka-Ayurveda-Paradise-Villa-new-team.jpg 1000w, https:\/\/test.ayurvedasrilankaparadisevilla.de\/wp-content\/uploads\/2022\/11\/160201-Sri-Lanka-Ayurveda-Paradise-Villa-new-team-300x90.jpg 300w\" sizes=\"auto, (max-width: 1000px) 100vw, 1000px\" \/><\/div><\/div><div class=\"w-separator size_small\"><\/div><div class=\"wpb_text_column us_custom_432d3f53\"><div class=\"wpb_wrapper\"><p><strong>Arzt \u2013 Dr. Gayathri K. Gallage<\/strong><\/p>\n<p>Dr. Gayathri (D.S.A.M.S.), Reg. Nr. 11169 (University of Kelaniya) arbeitet seit vielen\u00a0Jahren in einer Ayurveda-Klinik und hat daher eine umfassende medizinische Kenntnis. Sie steht\u00a0unseren G\u00e4sten ausser zu den Konsultationszeiten auch telefonisch zur Verf\u00fcgung.<\/p>\n<\/div><\/div><div class=\"w-separator size_small with_line width_default thick_1 style_solid color_border align_center\"><div class=\"w-separator-h\"><\/div><\/div><div class=\"g-cols wpb_row via_grid cols_1-3 laptops-cols_inherit tablets-cols_inherit mobiles-cols_1 valign_top type_default stacking_default\"><div class=\"wpb_column vc_column_container\"><div class=\"vc_column-inner\"><div class=\"w-person layout_trendy with_socials\" itemscope itemtype=\"https:\/\/schema.org\/Person\"><div class=\"w-person-image\"><img loading=\"lazy\" decoding=\"async\" width=\"233\" height=\"310\" src=\"https:\/\/test.ayurvedasrilankaparadisevilla.de\/wp-content\/uploads\/2022\/11\/DA-Prasantha-Silva.jpg\" class=\"attachment-large size-large\" alt=\"\" srcset=\"https:\/\/test.ayurvedasrilankaparadisevilla.de\/wp-content\/uploads\/2022\/11\/DA-Prasantha-Silva.jpg 233w, https:\/\/test.ayurvedasrilankaparadisevilla.de\/wp-content\/uploads\/2022\/11\/DA-Prasantha-Silva-225x300.jpg 225w\" sizes=\"auto, (max-width: 233px) 100vw, 233px\" \/><\/div><div class=\"w-person-content\"><h5 itemprop=\"name\" class=\"w-person-name\"><span>D.A. Prasantha de Silva<\/span><\/h5><div class=\"w-person-role\" itemprop=\"jobTitle\">Cheftherapeut und Manager<\/div><\/div><div class=\"w-person-content-alt\"><div class=\"w-person-links\"><div class=\"w-person-links-list\"><a class=\"w-person-links-item type_email\" title=\"Email\" href=\"mailto:prasanthasilva.79@gmail.com\"><i class=\"fas fa-envelope\"><\/i><\/a><\/div><\/div><\/div><\/div><\/div><\/div><div class=\"wpb_column vc_column_container\"><div class=\"vc_column-inner\"><div class=\"wpb_text_column us_custom_432d3f53\"><div class=\"wpb_wrapper\"><p>Seine Ausbildung zum Ayurveda Therapeuten absolvierte Prasantha in einem wegweisenden Haus in Sri Lanka. Er kann auf eine 15-j\u00e4hrige Erfahrung in der Ayurveda Therapie zur\u00fcckschauen. Er versteht sein Team erfolgreich zu f\u00fchren und versucht alle W\u00fcnsche unserer G\u00e4ste zu erf\u00fcllen.\u00a0Eine Patientin \u00fcber ihn:\u00a0\u201eSeine g\u00f6ttlichen H\u00e4nde haben mich mit Oel verw\u00f6hnt!\u201c<\/p>\n<\/div><\/div><\/div><\/div><\/div><div class=\"w-separator size_small with_line width_default thick_1 style_solid color_border align_center\"><div class=\"w-separator-h\"><\/div><\/div><div class=\"g-cols wpb_row via_grid cols_1-3 laptops-cols_inherit tablets-cols_inherit mobiles-cols_1 valign_top type_default stacking_default\"><div class=\"wpb_column vc_column_container\"><div class=\"vc_column-inner\"><div class=\"w-person layout_trendy\" itemscope itemtype=\"https:\/\/schema.org\/Person\"><div class=\"w-person-image\"><img loading=\"lazy\" decoding=\"async\" width=\"233\" height=\"310\" src=\"https:\/\/test.ayurvedasrilankaparadisevilla.de\/wp-content\/uploads\/2022\/11\/Sri-Lanka-Ayurveda-paradise-Villa-Sandiya.jpg\" class=\"attachment-large size-large\" alt=\"\" srcset=\"https:\/\/test.ayurvedasrilankaparadisevilla.de\/wp-content\/uploads\/2022\/11\/Sri-Lanka-Ayurveda-paradise-Villa-Sandiya.jpg 233w, https:\/\/test.ayurvedasrilankaparadisevilla.de\/wp-content\/uploads\/2022\/11\/Sri-Lanka-Ayurveda-paradise-Villa-Sandiya-225x300.jpg 225w\" sizes=\"auto, (max-width: 233px) 100vw, 233px\" \/><\/div><div class=\"w-person-content\"><h5 itemprop=\"name\" class=\"w-person-name\"><span>Sandiya Kumari<\/span><\/h5><div class=\"w-person-role\" itemprop=\"jobTitle\">Therapeutin<\/div><\/div><\/div><\/div><\/div><div class=\"wpb_column vc_column_container\"><div class=\"vc_column-inner\"><div class=\"wpb_text_column us_custom_432d3f53\"><div class=\"wpb_wrapper\"><p>Sandya hat 9 Jahre Erfahrung in der Ayurveda Therapie. Sie arbeitete 6 Jahre\u00a0im Hotel Muthumuni und 3 Jahre im Hotel Bentota Village. Ihr Schwerpunkt liegt auf dem \u201especial treatment\u201c.<\/p>\n<\/div><\/div><\/div><\/div><\/div><div class=\"w-separator size_small with_line width_default thick_1 style_solid color_border align_center\"><div class=\"w-separator-h\"><\/div><\/div><div class=\"g-cols wpb_row via_grid cols_1-3 laptops-cols_inherit tablets-cols_inherit mobiles-cols_1 valign_top type_default stacking_default\"><div class=\"wpb_column vc_column_container\"><div class=\"vc_column-inner\"><div class=\"w-person layout_trendy\" itemscope itemtype=\"https:\/\/schema.org\/Person\"><div class=\"w-person-image\"><img loading=\"lazy\" decoding=\"async\" width=\"233\" height=\"310\" src=\"https:\/\/test.ayurvedasrilankaparadisevilla.de\/wp-content\/uploads\/2022\/11\/160201-Sri-Lanka-Ayurveda-Paradise-Villa-Team-Uvido-1862-1.jpg\" class=\"attachment-large size-large\" alt=\"\" srcset=\"https:\/\/test.ayurvedasrilankaparadisevilla.de\/wp-content\/uploads\/2022\/11\/160201-Sri-Lanka-Ayurveda-Paradise-Villa-Team-Uvido-1862-1.jpg 233w, https:\/\/test.ayurvedasrilankaparadisevilla.de\/wp-content\/uploads\/2022\/11\/160201-Sri-Lanka-Ayurveda-Paradise-Villa-Team-Uvido-1862-1-225x300.jpg 225w\" sizes=\"auto, (max-width: 233px) 100vw, 233px\" \/><\/div><div class=\"w-person-content\"><h5 itemprop=\"name\" class=\"w-person-name\"><span>G.G.Uvidu Sasank<\/span><\/h5><div class=\"w-person-role\" itemprop=\"jobTitle\">Therapeut<\/div><\/div><\/div><\/div><\/div><div class=\"wpb_column vc_column_container\"><div class=\"vc_column-inner\"><div class=\"wpb_text_column us_custom_432d3f53\"><div class=\"wpb_wrapper\"><p>Wir haben unser Therapie Team erweitert. Uvidu ist ein Sch\u00fcler unseres Cheftherapeuten DA Prasantha Silva und hat sich hervorragend in unser Team eingelebt. Er hat sich mittlerweile zu einem hervorragenden Therapeuten entwickelt, nicht nur im Team, sondern auch in der Spezialmassage.<\/p>\n<\/div><\/div><\/div><\/div><\/div><div class=\"w-separator size_small with_line width_default thick_1 style_solid color_border align_center\"><div class=\"w-separator-h\"><\/div><\/div><div class=\"g-cols wpb_row via_grid cols_1-3 laptops-cols_inherit tablets-cols_inherit mobiles-cols_1 valign_top type_default stacking_default\"><div class=\"wpb_column vc_column_container\"><div class=\"vc_column-inner\"><div class=\"w-person layout_trendy\" itemscope itemtype=\"https:\/\/schema.org\/Person\"><div class=\"w-person-image\"><img loading=\"lazy\" decoding=\"async\" width=\"233\" height=\"310\" src=\"https:\/\/test.ayurvedasrilankaparadisevilla.de\/wp-content\/uploads\/2022\/11\/Sri-Lanka-Ayurveda-Paradise-Villa-1866-Chanaka-Mendis.jpg\" class=\"attachment-large size-large\" alt=\"\" srcset=\"https:\/\/test.ayurvedasrilankaparadisevilla.de\/wp-content\/uploads\/2022\/11\/Sri-Lanka-Ayurveda-Paradise-Villa-1866-Chanaka-Mendis.jpg 233w, https:\/\/test.ayurvedasrilankaparadisevilla.de\/wp-content\/uploads\/2022\/11\/Sri-Lanka-Ayurveda-Paradise-Villa-1866-Chanaka-Mendis-225x300.jpg 225w\" sizes=\"auto, (max-width: 233px) 100vw, 233px\" \/><\/div><div class=\"w-person-content\"><h5 itemprop=\"name\" class=\"w-person-name\"><span>Chanaka Mendis<\/span><\/h5><div class=\"w-person-role\" itemprop=\"jobTitle\">House and Room Service-<\/div><\/div><\/div><\/div><\/div><div class=\"wpb_column vc_column_container\"><div class=\"vc_column-inner\"><div class=\"wpb_text_column us_custom_432d3f53\"><div class=\"wpb_wrapper\"><p>Dieser junge Mann ist nach seinem College Examen zu unserem Team gesto\u00dfen, um sich bei uns in Allem, was Housekeeping und Service f\u00fcr unsere G\u00e4ste ausbilden zu lassen. Heute ist Chanaka verheiratet und zweifacher Vater.<\/p>\n<\/div><\/div><\/div><\/div><\/div><div class=\"w-separator size_small with_line width_default thick_1 style_solid color_border align_center\"><div class=\"w-separator-h\"><\/div><\/div><div class=\"g-cols wpb_row via_grid cols_1-3 laptops-cols_inherit tablets-cols_inherit mobiles-cols_1 valign_top type_default stacking_default\"><div class=\"wpb_column vc_column_container\"><div class=\"vc_column-inner\"><div class=\"w-person layout_trendy\" itemscope itemtype=\"https:\/\/schema.org\/Person\"><div class=\"w-person-image\"><img loading=\"lazy\" decoding=\"async\" width=\"233\" height=\"310\" src=\"https:\/\/test.ayurvedasrilankaparadisevilla.de\/wp-content\/uploads\/2022\/11\/Sunil-Dellanka-Peadgedara.jpg\" class=\"attachment-large size-large\" alt=\"\" srcset=\"https:\/\/test.ayurvedasrilankaparadisevilla.de\/wp-content\/uploads\/2022\/11\/Sunil-Dellanka-Peadgedara.jpg 233w, https:\/\/test.ayurvedasrilankaparadisevilla.de\/wp-content\/uploads\/2022\/11\/Sunil-Dellanka-Peadgedara-225x300.jpg 225w\" sizes=\"auto, (max-width: 233px) 100vw, 233px\" \/><\/div><div class=\"w-person-content\"><h5 itemprop=\"name\" class=\"w-person-name\"><span>Sunil Dellanka Peadgedara<\/span><\/h5><div class=\"w-person-role\" itemprop=\"jobTitle\">Ayurveda Koch<\/div><\/div><\/div><\/div><\/div><div class=\"wpb_column vc_column_container\"><div class=\"vc_column-inner\"><div class=\"wpb_text_column us_custom_432d3f53\"><div class=\"wpb_wrapper\"><p>Sunil kann auf 25 Jahre Kocherfahrung in internationalen Hotels zur\u00fcckblicken. Er beherrscht nicht nur die internationale K\u00fcche, sondern auch die singhalesische und ayurvedische Zubereitung von Speisen. Seine Men\u00fcs zeichnen sich durch eine gro\u00dfe Vielfalt und geschmackliche Harmonie aus. Er verw\u00f6hnt unsere G\u00e4ste zu gerne mit vegetarischen oder auch Fischgerichten. F\u00fcr unsere vegetarischen G\u00e4ste zaubert er 14 Tage lang Abwechslung auf den Tisch.<\/p>\n<\/div><\/div><\/div><\/div><\/div><\/div><\/div><\/div><\/div><\/section>\n","protected":false},"excerpt":{"rendered":"Arzt \u2013 Dr. Gayathri K. Gallage Dr. Gayathri (D.S.A.M.S.), Reg. Nr. 11169 (University of Kelaniya) arbeitet seit vielen\u00a0Jahren in einer Ayurveda-Klinik und hat daher eine umfassende medizinische Kenntnis. Sie steht\u00a0unseren G\u00e4sten ausser zu den Konsultationszeiten auch telefonisch zur Verf\u00fcgung. D.A. Prasantha de SilvaCheftherapeut und ManagerSeine Ausbildung zum Ayurveda Therapeuten absolvierte Prasantha in einem wegweisenden Haus...","protected":false},"author":1,"featured_media":2036,"parent":0,"menu_order":3,"comment_status":"closed","ping_status":"closed","template":"","meta":{"footnotes":""},"class_list":["post-1975","page","type-page","status-publish","has-post-thumbnail","hentry"],"_links":{"self":[{"href":"https:\/\/test.ayurvedasrilankaparadisevilla.de\/en\/wp-json\/wp\/v2\/pages\/1975","targetHints":{"allow":["GET"]}}],"collection":[{"href":"https:\/\/test.ayurvedasrilankaparadisevilla.de\/en\/wp-json\/wp\/v2\/pages"}],"about":[{"href":"https:\/\/test.ayurvedasrilankaparadisevilla.de\/en\/wp-json\/wp\/v2\/types\/page"}],"author":[{"embeddable":true,"href":"https:\/\/test.ayurvedasrilankaparadisevilla.de\/en\/wp-json\/wp\/v2\/users\/1"}],"replies":[{"embeddable":true,"href":"https:\/\/test.ayurvedasrilankaparadisevilla.de\/en\/wp-json\/wp\/v2\/comments?post=1975"}],"version-history":[{"count":26,"href":"https:\/\/test.ayurvedasrilankaparadisevilla.de\/en\/wp-json\/wp\/v2\/pages\/1975\/revisions"}],"predecessor-version":[{"id":2097,"href":"https:\/\/test.ayurvedasrilankaparadisevilla.de\/en\/wp-json\/wp\/v2\/pages\/1975\/revisions\/2097"}],"wp:featuredmedia":[{"embeddable":true,"href":"https:\/\/test.ayurvedasrilankaparadisevilla.de\/en\/wp-json\/wp\/v2\/media\/2036"}],"wp:attachment":[{"href":"https:\/\/test.ayurvedasrilankaparadisevilla.de\/en\/wp-json\/wp\/v2\/media?parent=1975"}],"curies":[{"name":"wp","href":"https:\/\/api.w.org\/{rel}","templated":true}]}}