{"id":1953,"date":"2022-11-08T18:30:43","date_gmt":"2022-11-08T17:30:43","guid":{"rendered":"http:\/\/test.ayurvedasrilankaparadisevilla.de\/?page_id=1953"},"modified":"2022-11-08T19:59:52","modified_gmt":"2022-11-08T18:59:52","slug":"impressum","status":"publish","type":"page","link":"https:\/\/test.ayurvedasrilankaparadisevilla.de\/en\/impressum\/","title":{"rendered":"Impressum"},"content":{"rendered":"<section class=\"l-section wpb_row height_medium\"><div class=\"l-section-h i-cf\"><div class=\"g-cols vc_row via_grid cols_1 laptops-cols_inherit tablets-cols_inherit mobiles-cols_1 valign_top type_default stacking_default\"><div class=\"wpb_column vc_column_container\"><div class=\"vc_column-inner\"><div class=\"wpb_text_column\"><div class=\"wpb_wrapper\"><p><b>Paradise Villa &amp; Ayurveda<\/b><br \/>\nThothawatha Road<br \/>\n80562\u00a0Ahungalla, LK<br \/>\nSri Lanka<\/p>\n<p>Tel:\u00a0+94 77 616 0996<br \/>\nE-Mail: mail@ayurvedasrilankaparadisevilla.de<\/p>\n<p>Gesch\u00e4ftsf\u00fchrung:\u00a0D.A. Prasantha de Silva<\/p>\n<p>Verantwortlich f\u00fcr den Inhalt nach \u00a7 55 Abs. 2 RStV:<br \/>\nSofern nicht anderweitig erw\u00e4hnt, ist\u00a0D.A. Prasantha de Silva f\u00fcr den Inhalt verantwortlich.<br \/>\nmail@ayurvedasrilankaparadisevilla.de<\/p>\n<p>Quellenangaben f\u00fcr die verwendeten Bilder und Grafiken:<br \/>\nSofern nicht anderweitig erw\u00e4hnt, liegen alle Urheberrechte f\u00fcr die Fotos bei den jeweiligen Fotografen bzw. Paradise Villa.<\/p>\n<\/div><\/div><\/div><\/div><\/div><\/div><\/section>\n","protected":false},"excerpt":{"rendered":"Paradise Villa &amp; Ayurveda Thothawatha Road 80562\u00a0Ahungalla, LK Sri Lanka Tel:\u00a0+94 77 616 0996 E-Mail: mail@ayurvedasrilankaparadisevilla.de Gesch\u00e4ftsf\u00fchrung:\u00a0D.A. Prasantha de Silva Verantwortlich f\u00fcr den Inhalt nach \u00a7 55 Abs. 2 RStV: Sofern nicht anderweitig erw\u00e4hnt, ist\u00a0D.A. Prasantha de Silva f\u00fcr den Inhalt verantwortlich. mail@ayurvedasrilankaparadisevilla.de Quellenangaben f\u00fcr die verwendeten Bilder und Grafiken: Sofern nicht anderweitig erw\u00e4hnt, liegen...","protected":false},"author":1,"featured_media":1957,"parent":0,"menu_order":7,"comment_status":"closed","ping_status":"closed","template":"","meta":{"footnotes":""},"class_list":["post-1953","page","type-page","status-publish","has-post-thumbnail","hentry"],"_links":{"self":[{"href":"https:\/\/test.ayurvedasrilankaparadisevilla.de\/en\/wp-json\/wp\/v2\/pages\/1953","targetHints":{"allow":["GET"]}}],"collection":[{"href":"https:\/\/test.ayurvedasrilankaparadisevilla.de\/en\/wp-json\/wp\/v2\/pages"}],"about":[{"href":"https:\/\/test.ayurvedasrilankaparadisevilla.de\/en\/wp-json\/wp\/v2\/types\/page"}],"author":[{"embeddable":true,"href":"https:\/\/test.ayurvedasrilankaparadisevilla.de\/en\/wp-json\/wp\/v2\/users\/1"}],"replies":[{"embeddable":true,"href":"https:\/\/test.ayurvedasrilankaparadisevilla.de\/en\/wp-json\/wp\/v2\/comments?post=1953"}],"version-history":[{"count":3,"href":"https:\/\/test.ayurvedasrilankaparadisevilla.de\/en\/wp-json\/wp\/v2\/pages\/1953\/revisions"}],"predecessor-version":[{"id":1959,"href":"https:\/\/test.ayurvedasrilankaparadisevilla.de\/en\/wp-json\/wp\/v2\/pages\/1953\/revisions\/1959"}],"wp:featuredmedia":[{"embeddable":true,"href":"https:\/\/test.ayurvedasrilankaparadisevilla.de\/en\/wp-json\/wp\/v2\/media\/1957"}],"wp:attachment":[{"href":"https:\/\/test.ayurvedasrilankaparadisevilla.de\/en\/wp-json\/wp\/v2\/media?parent=1953"}],"curies":[{"name":"wp","href":"https:\/\/api.w.org\/{rel}","templated":true}]}}