{"id":1807,"date":"2019-07-30T11:25:44","date_gmt":"2019-07-30T11:25:44","guid":{"rendered":"http:\/\/impreza6.us-themes.com\/?page_id=1807"},"modified":"2022-11-08T23:13:46","modified_gmt":"2022-11-08T22:13:46","slug":"home","status":"publish","type":"page","link":"https:\/\/test.ayurvedasrilankaparadisevilla.de\/en\/","title":{"rendered":"Startseite"},"content":{"rendered":"<section class=\"l-section wpb_row height_medium full_height valign_center color_primary with_img parallax_ver\"><div class=\"l-section-img\" style=\"background-image: url(https:\/\/test.ayurvedasrilankaparadisevilla.de\/wp-content\/uploads\/2022\/11\/160201-Sri-Lanka-Ayurveda-Paradise-Villa-entrance-1842-2.jpg);\" data-img-width=\"1000\" data-img-height=\"680\"><\/div><div class=\"l-section-h i-cf\"><div class=\"g-cols vc_row via_grid cols_1 laptops-cols_inherit tablets-cols_inherit mobiles-cols_1 valign_top type_default stacking_default\"><div class=\"wpb_column vc_column_container\"><div class=\"vc_column-inner\"><h2 class=\"w-text us_custom_58ca1f94\"><span class=\"w-text-h\"><span class=\"w-text-value\">Ayurveda in Paradise Villa<\/span><\/span><\/h2><div class=\"w-separator size_small\"><\/div><div class=\"w-btn-wrapper align_center\"><a class=\"w-btn us-btn-style_1\" title=\"\u00dcBER UNS\" href=\"http:\/\/test.ayurvedasrilankaparadisevilla.de\/ueber-uns\/\"><span class=\"w-btn-label\">Ayurveda Info<\/span><\/a><\/div><\/div><\/div><\/div><\/div><\/section><section class=\"l-section wpb_row height_medium full_height valign_center color_primary with_img parallax_ver\"><div class=\"l-section-img\" style=\"background-image: url(https:\/\/test.ayurvedasrilankaparadisevilla.de\/wp-content\/uploads\/2022\/11\/160201-Sri-Lanka-Ayurveda-Paradise-Villa-entrance-1842.jpg);\" data-img-width=\"1000\" data-img-height=\"680\"><\/div><div class=\"l-section-overlay\" style=\"background:rgba(0,0,0,0.55)\"><\/div><div class=\"l-section-h i-cf\"><div class=\"g-cols vc_row via_grid cols_1 laptops-cols_inherit tablets-cols_inherit mobiles-cols_1 valign_top type_default stacking_default\"><div class=\"wpb_column vc_column_container\"><div class=\"vc_column-inner\"><h2 class=\"w-text us_custom_eb849559\"><span class=\"w-text-h\"><span class=\"w-text-value\">Informationen<\/span><\/span><\/h2><div class=\"g-cols wpb_row via_grid cols_3 laptops-cols_inherit tablets-cols_inherit mobiles-cols_1 valign_top type_default stacking_default\"><div class=\"wpb_column vc_column_container\"><div class=\"vc_column-inner\"><div class=\"w-ibanner animation_phorcys ratio_1x1 easing_ease\"><div class=\"w-ibanner-h\"><div class=\"w-ibanner-image\" style=\"background-image: url(https:\/\/test.ayurvedasrilankaparadisevilla.de\/wp-content\/uploads\/2022\/11\/160202-Sri-Lanka-Ayurveda-Paradise-Villa-2009-zimmer-600x300.jpg)\"><\/div><div class=\"w-ibanner-content\"><div class=\"w-ibanner-content-h\"><h2 class=\"w-ibanner-title\">Zimmer &#038; Preise<\/h2><div class=\"w-ibanner-desc\"><\/div><\/div><\/div><\/div><a title=\"ZIMMER &amp; PREISE\" href=\"http:\/\/test.ayurvedasrilankaparadisevilla.de\/zimmer-preise\/\" aria-label=\"Zimmer &amp; Preise\"><\/a><\/div><\/div><\/div><div class=\"wpb_column vc_column_container\"><div class=\"vc_column-inner\"><div class=\"w-ibanner animation_phorcys ratio_1x1 easing_ease\"><div class=\"w-ibanner-h\"><div class=\"w-ibanner-image\" style=\"background-image: url(https:\/\/test.ayurvedasrilankaparadisevilla.de\/wp-content\/uploads\/2022\/11\/Maduganga-Flussfahrt-am-Morgen-600x544.jpg)\"><\/div><div class=\"w-ibanner-content\"><div class=\"w-ibanner-content-h\"><h2 class=\"w-ibanner-title\">Impressionen<\/h2><div class=\"w-ibanner-desc\"><\/div><\/div><\/div><\/div><a title=\"ZIMMER &amp; PREISE\" href=\"http:\/\/test.ayurvedasrilankaparadisevilla.de\/impressionen\/\" aria-label=\"Impressionen\"><\/a><\/div><\/div><\/div><div class=\"wpb_column vc_column_container\"><div class=\"vc_column-inner\"><div class=\"w-ibanner animation_phorcys ratio_1x1 easing_ease\"><div class=\"w-ibanner-h\"><div class=\"w-ibanner-image\" style=\"background-image: url(https:\/\/test.ayurvedasrilankaparadisevilla.de\/wp-content\/uploads\/2022\/11\/Haus-vom-Tor-600x600.jpeg)\"><\/div><div class=\"w-ibanner-content\"><div class=\"w-ibanner-content-h\"><h2 class=\"w-ibanner-title\">Lage &#038; Anreise<\/h2><div class=\"w-ibanner-desc\"><\/div><\/div><\/div><\/div><a title=\"ZIMMER &amp; PREISE\" href=\"http:\/\/test.ayurvedasrilankaparadisevilla.de\/lage-anreise\/\" aria-label=\"Lage &amp; Anreise\"><\/a><\/div><\/div><\/div><\/div><\/div><\/div><\/div><\/div><\/section><section class=\"l-section wpb_row height_medium full_height valign_center color_primary with_img parallax_ver\"><div class=\"l-section-img\" style=\"background-image: url(https:\/\/test.ayurvedasrilankaparadisevilla.de\/wp-content\/uploads\/2022\/11\/160201-Sri-Lanka-Ayurveda-Paradise-Villa-entrance-1842.jpg);background-position: top center;\" data-img-width=\"1000\" data-img-height=\"680\"><\/div><div class=\"l-section-overlay\" style=\"background:rgba(0,0,0,0.55)\"><\/div><div class=\"l-section-h i-cf\"><div class=\"g-cols vc_row via_grid cols_1-2 laptops-cols_inherit tablets-cols_inherit mobiles-cols_1 valign_top type_default stacking_default\"><div class=\"wpb_column vc_column_container\"><div class=\"vc_column-inner\"><h2 class=\"w-text us_custom_59139a13\"><span class=\"w-text-h\"><span class=\"w-text-value\">\u00dcber uns<\/span><\/span><\/h2><div class=\"wpb_text_column us_custom_432d3f53\"><div class=\"wpb_wrapper\"><p>Wir wollen Ihnen ein St\u00fcck Paradies bereiten. Damit Sie nach Ihrer Ankunft direkt mit Ihrer Kur beginnen k\u00f6nnen, kl\u00e4ren wir medizinische Notwendigkeiten im Vorfeld telefonisch ab. Sie k\u00f6nnen sich bei uns fallen lassen &#8211; unsere intensiven ayurvedischen Anwendungen werden Sie von Ihrem Alltag losl\u00f6sen. K\u00f6rper, Geist und Seele werden wieder ins Gleichgewicht kommen und Sie werden mit neuer Lebensenergie nach Hause fahren.<\/p>\n<\/div><\/div><\/div><\/div><div class=\"wpb_column vc_column_container\"><div class=\"vc_column-inner\"><div class=\"w-image align_none\"><div class=\"w-image-h\"><img loading=\"lazy\" decoding=\"async\" width=\"1000\" height=\"300\" src=\"https:\/\/test.ayurvedasrilankaparadisevilla.de\/wp-content\/uploads\/2022\/11\/160201-Sri-Lanka-Ayurveda-Paradise-Villa-new-team.jpg\" class=\"attachment-large size-large\" alt=\"\" srcset=\"https:\/\/test.ayurvedasrilankaparadisevilla.de\/wp-content\/uploads\/2022\/11\/160201-Sri-Lanka-Ayurveda-Paradise-Villa-new-team.jpg 1000w, https:\/\/test.ayurvedasrilankaparadisevilla.de\/wp-content\/uploads\/2022\/11\/160201-Sri-Lanka-Ayurveda-Paradise-Villa-new-team-300x90.jpg 300w\" sizes=\"auto, (max-width: 1000px) 100vw, 1000px\" \/><\/div><\/div><div class=\"w-separator size_small\"><\/div><div class=\"w-btn-wrapper align_center\"><a class=\"w-btn us-btn-style_1\" title=\"\u00dcBER UNS\" href=\"http:\/\/test.ayurvedasrilankaparadisevilla.de\/ueber-uns\/\"><span class=\"w-btn-label\">\u00dcber uns<\/span><\/a><\/div><\/div><\/div><\/div><\/div><\/section>\n","protected":false},"excerpt":{"rendered":"Ayurveda in Paradise VillaAyurveda InfoInformationenZimmer &#038; PreiseImpressionenLage &#038; Anreise\u00dcber unsWir wollen Ihnen ein St\u00fcck Paradies bereiten. Damit Sie nach Ihrer Ankunft direkt mit Ihrer Kur beginnen k\u00f6nnen, kl\u00e4ren wir medizinische Notwendigkeiten im Vorfeld telefonisch ab. Sie k\u00f6nnen sich bei uns fallen lassen &#8211; unsere intensiven ayurvedischen Anwendungen werden Sie von Ihrem Alltag losl\u00f6sen. K\u00f6rper, Geist...","protected":false},"author":1,"featured_media":0,"parent":0,"menu_order":0,"comment_status":"closed","ping_status":"closed","template":"","meta":{"footnotes":""},"class_list":["post-1807","page","type-page","status-publish","hentry"],"_links":{"self":[{"href":"https:\/\/test.ayurvedasrilankaparadisevilla.de\/en\/wp-json\/wp\/v2\/pages\/1807","targetHints":{"allow":["GET"]}}],"collection":[{"href":"https:\/\/test.ayurvedasrilankaparadisevilla.de\/en\/wp-json\/wp\/v2\/pages"}],"about":[{"href":"https:\/\/test.ayurvedasrilankaparadisevilla.de\/en\/wp-json\/wp\/v2\/types\/page"}],"author":[{"embeddable":true,"href":"https:\/\/test.ayurvedasrilankaparadisevilla.de\/en\/wp-json\/wp\/v2\/users\/1"}],"replies":[{"embeddable":true,"href":"https:\/\/test.ayurvedasrilankaparadisevilla.de\/en\/wp-json\/wp\/v2\/comments?post=1807"}],"version-history":[{"count":38,"href":"https:\/\/test.ayurvedasrilankaparadisevilla.de\/en\/wp-json\/wp\/v2\/pages\/1807\/revisions"}],"predecessor-version":[{"id":2086,"href":"https:\/\/test.ayurvedasrilankaparadisevilla.de\/en\/wp-json\/wp\/v2\/pages\/1807\/revisions\/2086"}],"wp:attachment":[{"href":"https:\/\/test.ayurvedasrilankaparadisevilla.de\/en\/wp-json\/wp\/v2\/media?parent=1807"}],"curies":[{"name":"wp","href":"https:\/\/api.w.org\/{rel}","templated":true}]}}